{"id":218,"date":"2017-03-07T17:00:14","date_gmt":"2017-03-07T15:00:14","guid":{"rendered":"http:\/\/www.arcusvillas.gr\/?page_id=218"},"modified":"2026-01-17T23:14:57","modified_gmt":"2026-01-17T21:14:57","slug":"suites","status":"publish","type":"page","link":"https:\/\/www.arcus.com.gr\/de\/suites\/","title":{"rendered":"Suiten"},"content":{"rendered":"\t\t<div data-elementor-type=\"wp-page\" data-elementor-id=\"218\" class=\"elementor elementor-218\">\n\t\t\t\t\t\t<section class=\"elementor-section elementor-top-section elementor-element elementor-element-c0881de elementor-section-boxed elementor-section-height-default elementor-section-height-default\" data-id=\"c0881de\" data-element_type=\"section\" data-e-type=\"section\">\n\t\t\t\t\t\t<div class=\"elementor-container elementor-column-gap-default\">\n\t\t\t\t\t<div class=\"elementor-column elementor-col-100 elementor-top-column elementor-element elementor-element-197d0561\" data-id=\"197d0561\" data-element_type=\"column\" data-e-type=\"column\">\n\t\t\t<div class=\"elementor-widget-wrap elementor-element-populated\">\n\t\t\t\t\t\t<div class=\"elementor-element elementor-element-6705c87c elementor-widget elementor-widget-text-editor\" data-id=\"6705c87c\" data-element_type=\"widget\" data-e-type=\"widget\" data-widget_type=\"text-editor.default\">\n\t\t\t\t<div class=\"elementor-widget-container\">\n\t\t\t\t\t\t\t\t\t<p><\/p><p><div id='gallery-2' class='gallery galleryid-218 gallery-columns-3 gallery-size-thumbnail'><figure class='gallery-item'>\n\t\t\t<div class='gallery-icon landscape'>\n\t\t\t\t<a href=\"https:\/\/www.arcus.com.gr\/de\/suites\/barozzi-junior-suite\/\" target=\"_self\" class=\"no-lightbox\"><img decoding=\"async\" width=\"150\" height=\"150\" src=\"https:\/\/www.arcus.com.gr\/wp-content\/uploads\/2019\/07\/Barozzi-01-IMG_9143_resize-1-150x150.jpg\" class=\"attachment-thumbnail size-thumbnail\" alt=\"\u039c\u03c0\u03b1\u03c1\u03cc\u03c4\u03c3\u03b9 Junior \u03a3\u03bf\u03c5\u03af\u03c4\u03b1\" aria-describedby=\"gallery-2-963\" srcset=\"https:\/\/www.arcus.com.gr\/wp-content\/uploads\/2019\/07\/Barozzi-01-IMG_9143_resize-1-150x150.jpg 150w, https:\/\/www.arcus.com.gr\/wp-content\/uploads\/2019\/07\/Barozzi-01-IMG_9143_resize-1-100x100.jpg 100w\" sizes=\"100vw\" \/><\/a>\n\t\t\t<\/div>\n\t\t\t\t<figcaption class='wp-caption-text gallery-caption' id='gallery-2-963'>\n\t\t\t\t\u039c\u03c0\u03b1\u03c1\u03cc\u03c4\u03c3\u03b9 Junior \u03a3\u03bf\u03c5\u03af\u03c4\u03b1\n\t\t\t\t<\/figcaption><\/figure><figure class='gallery-item'>\n\t\t\t<div class='gallery-icon landscape'>\n\t\t\t\t<a href=\"https:\/\/www.arcus.com.gr\/de\/suites\/ontas-classic-suite\/\" target=\"_self\" class=\"no-lightbox\"><img decoding=\"async\" width=\"150\" height=\"150\" src=\"https:\/\/www.arcus.com.gr\/wp-content\/uploads\/2019\/07\/Ontas-01-IMG_8957_resize-150x150.jpg\" class=\"attachment-thumbnail size-thumbnail\" alt=\"\u039f\u03bd\u03c4\u03ac\u03c2 \u039a\u03bb\u03b1\u03c3\u03c3\u03b9\u03ba\u03ae \u03a3\u03bf\u03c5\u03af\u03c4\u03b1\" aria-describedby=\"gallery-2-950\" srcset=\"https:\/\/www.arcus.com.gr\/wp-content\/uploads\/2019\/07\/Ontas-01-IMG_8957_resize-150x150.jpg 150w, https:\/\/www.arcus.com.gr\/wp-content\/uploads\/2019\/07\/Ontas-01-IMG_8957_resize-100x100.jpg 100w\" sizes=\"100vw\" \/><\/a>\n\t\t\t<\/div>\n\t\t\t\t<figcaption class='wp-caption-text gallery-caption' id='gallery-2-950'>\n\t\t\t\t\u039f\u03bd\u03c4\u03ac\u03c2 \u039a\u03bb\u03b1\u03c3\u03c3\u03b9\u03ba\u03ae \u03a3\u03bf\u03c5\u03af\u03c4\u03b1\n\t\t\t\t<\/figcaption><\/figure><figure class='gallery-item'>\n\t\t\t<div class='gallery-icon landscape'>\n\t\t\t\t<a href=\"https:\/\/www.arcus.com.gr\/de\/suites\/tholos-superior-suite\/\" class=\"no-lightbox\"><img decoding=\"async\" width=\"150\" height=\"150\" src=\"https:\/\/www.arcus.com.gr\/wp-content\/uploads\/2019\/07\/Tholos-01-IMG_5283_resize-150x150.jpg\" class=\"attachment-thumbnail size-thumbnail\" alt=\"\u0398\u03cc\u03bb\u03bf\u03c2 Superior \u03a3\u03bf\u03c5\u03af\u03c4\u03b1\" aria-describedby=\"gallery-2-951\" srcset=\"https:\/\/www.arcus.com.gr\/wp-content\/uploads\/2019\/07\/Tholos-01-IMG_5283_resize-150x150.jpg 150w, https:\/\/www.arcus.com.gr\/wp-content\/uploads\/2019\/07\/Tholos-01-IMG_5283_resize-100x100.jpg 100w\" sizes=\"100vw\" \/><\/a>\n\t\t\t<\/div>\n\t\t\t\t<figcaption class='wp-caption-text gallery-caption' id='gallery-2-951'>\n\t\t\t\t\u0398\u03cc\u03bb\u03bf\u03c2 Superior \u03a3\u03bf\u03c5\u03af\u03c4\u03b1\n\t\t\t\t<\/figcaption><\/figure><figure class='gallery-item'>\n\t\t\t<div class='gallery-icon landscape'>\n\t\t\t\t<a href=\"https:\/\/www.arcus.com.gr\/de\/suites\/mylopetra-family-superior-suite\/\" class=\"no-lightbox\"><img loading=\"lazy\" decoding=\"async\" width=\"150\" height=\"150\" src=\"https:\/\/www.arcus.com.gr\/wp-content\/uploads\/2019\/07\/Mylopetra-03-IMG_8637-Edit_resize-150x150.jpg\" class=\"attachment-thumbnail size-thumbnail\" alt=\"\u039c\u03c5\u03bb\u03cc\u03c0\u03b5\u03c4\u03c1\u03b1 \u03bf\u03b9\u03ba\u03bf\u03b3\u03b5\u03bd\u03b5\u03b9\u03b1\u03ba\u03ae Superior \u03a3\u03bf\u03c5\u03af\u03c4\u03b1, 2 \u03a5\u03c0\u03bd\u03bf\u03b4\u03c9\u03bc\u03b1\u03c4\u03af\u03c9\u03bd, 2 \u03cc\u03c1\u03bf\u03c6\u03b7\" aria-describedby=\"gallery-2-949\" srcset=\"https:\/\/www.arcus.com.gr\/wp-content\/uploads\/2019\/07\/Mylopetra-03-IMG_8637-Edit_resize-150x150.jpg 150w, https:\/\/www.arcus.com.gr\/wp-content\/uploads\/2019\/07\/Mylopetra-03-IMG_8637-Edit_resize-100x100.jpg 100w\" sizes=\"100vw\" \/><\/a>\n\t\t\t<\/div>\n\t\t\t\t<figcaption class='wp-caption-text gallery-caption' id='gallery-2-949'>\n\t\t\t\t\u039c\u03c5\u03bb\u03cc\u03c0\u03b5\u03c4\u03c1\u03b1 \u03bf\u03b9\u03ba\u03bf\u03b3\u03b5\u03bd\u03b5\u03b9\u03b1\u03ba\u03ae Superior \u03a3\u03bf\u03c5\u03af\u03c4\u03b1, 2 \u03a5\u03c0\u03bd\u03bf\u03b4\u03c9\u03bc\u03b1\u03c4\u03af\u03c9\u03bd, 2 \u03cc\u03c1\u03bf\u03c6\u03b7\n\t\t\t\t<\/figcaption><\/figure><figure class='gallery-item'>\n\t\t\t<div class='gallery-icon landscape'>\n\t\t\t\t<a href=\"https:\/\/www.arcus.com.gr\/de\/suites\/kidana-family-superior-suite\/\" target=\"_self\" class=\"no-lightbox\"><img loading=\"lazy\" decoding=\"async\" width=\"150\" height=\"150\" src=\"https:\/\/www.arcus.com.gr\/wp-content\/uploads\/2019\/07\/Kidana-01-IMG_7984-Edit_resize-150x150.jpg\" class=\"attachment-thumbnail size-thumbnail\" alt=\"\u039a\u03b9\u03bd\u03c4\u03ac\u03bd\u03b1 \u03bf\u03b9\u03ba\u03bf\u03b3\u03b5\u03bd\u03b5\u03b9\u03b1\u03ba\u03ae Superior \u03a3\u03bf\u03c5\u03af\u03c4\u03b1, 2 \u03a5\u03c0\u03bd\u03bf\u03b4\u03c9\u03bc\u03b1\u03c4\u03af\u03c9\u03bd, 2 \u03cc\u03c1\u03bf\u03c6\u03b7\" aria-describedby=\"gallery-2-948\" srcset=\"https:\/\/www.arcus.com.gr\/wp-content\/uploads\/2019\/07\/Kidana-01-IMG_7984-Edit_resize-150x150.jpg 150w, https:\/\/www.arcus.com.gr\/wp-content\/uploads\/2019\/07\/Kidana-01-IMG_7984-Edit_resize-100x100.jpg 100w\" sizes=\"100vw\" \/><\/a>\n\t\t\t<\/div>\n\t\t\t\t<figcaption class='wp-caption-text gallery-caption' id='gallery-2-948'>\n\t\t\t\t\u039a\u03b9\u03bd\u03c4\u03ac\u03bd\u03b1 \u03bf\u03b9\u03ba\u03bf\u03b3\u03b5\u03bd\u03b5\u03b9\u03b1\u03ba\u03ae Superior \u03a3\u03bf\u03c5\u03af\u03c4\u03b1, 2 \u03a5\u03c0\u03bd\u03bf\u03b4\u03c9\u03bc\u03b1\u03c4\u03af\u03c9\u03bd, 2 \u03cc\u03c1\u03bf\u03c6\u03b7\n\t\t\t\t<\/figcaption><\/figure>\n\t\t<\/div>\n<\/p><p>Unsere Suiten<\/p><p>Majest\u00e4tische Kuppeln, Steinb\u00f6gen, Gratsteine, Gew\u00f6lbe, Steinkamine, Holzb\u00f6den und -decken, Inneng\u00e4rten, gepflasterte Innenh\u00f6fe unterstreichen den besonderen Charme und die Ruhe.<\/p><p>Wohnen Sie bei uns das ganze Jahr \u00fcber in unseren renovierten Herrenh\u00e4usern, die einst Dorfh\u00e4user waren. Schaffen Sie sich ein einzigartiges Erlebnis und genie\u00dfen Sie die authentische Geschichte dieses Landes.<\/p><p>Unsere zweist\u00f6ckigen Suiten und einst\u00f6ckigen Suiten (mit Zugang \u00fcber einen Pfad) bieten das ganze Jahr \u00fcber bequem Platz f\u00fcr 2 bis 6 Personen. Die Einrichtung jeder Suite ist einzigartig und bietet allen modernen 4-Sterne-Komfort. Im 400 m\u00b2 gro\u00dfen Innengarten befinden sich ein Au\u00dfenpool (40 m\u00b2), ein Holzofen, ein Grill und ein Entspannungsbereich. Der sch\u00f6ne Sandstrand von Episkopi ist nur 8 km entfernt.<\/p><p>In den Wohnzimmern verf\u00fcgt jede Suite \u00fcber einen 42\u2033 LED-Smart-TV mit Netflix-Streaming, kostenlose Satellitenkan\u00e4le, einen Blu-ray\/DVD\/CD-Player und ein Soundsystem mit Bluetooth und AUX-Eingang. Die Schlafzimmer sind mit 32-Zoll-Fernsehern ausgestattet. Sowohl im Wohnzimmer als auch in den Schlafzimmern stehen Direktwahltelefone mit Sprachnachrichten zur Verf\u00fcgung. Die G\u00e4ste k\u00f6nnen kostenloses Wi-Fi und LAN-Internetzugang nutzen. Ein Safe befindet sich im Schrank des Hauptschlafzimmers.<\/p><p>Die K\u00fcche jeder Suite ist komplett ausgestattet mit Elektroherd, Geschirrsp\u00fcler, Mikrowelle, Kaffeemaschine, Wasserkocher und Toaster. Au\u00dferdem finden Sie alle notwendigen K\u00fcchenutensilien, um Ihre k\u00f6stlichen Mahlzeiten zuzubereiten.<\/p><p>Die Badezimmer verf\u00fcgen \u00fcber eine Jacuzzi-Badewanne, einen Haartrockner, Badem\u00e4ntel, Hausschuhe, Handt\u00fccher und kostenlose Toilettenartikel.<\/p><p>F\u00fcr Ihren Komfort w\u00e4hrend der gesamten<\/p>\t\t\t\t\t\t\t\t<\/div>\n\t\t\t\t<\/div>\n\t\t\t\t\t<\/div>\n\t\t<\/div>\n\t\t\t\t\t<\/div>\n\t\t<\/section>\n\t\t\t\t<\/div>\n\t\t","protected":false},"excerpt":{"rendered":"<p>Unsere Suiten Majest\u00e4tische Kuppeln, Steinb\u00f6gen, Gratsteine, Gew\u00f6lbe, Steinkamine, Holzb\u00f6den und -decken, Inneng\u00e4rten, gepflasterte Innenh\u00f6fe unterstreichen den besonderen Charme und die Ruhe. Wohnen Sie bei uns das ganze Jahr \u00fcber in unseren renovierten Herrenh\u00e4usern, die einst Dorfh\u00e4user waren. Schaffen Sie sich ein einzigartiges Erlebnis und genie\u00dfen Sie die authentische Geschichte dieses Landes. Unsere zweist\u00f6ckigen Suiten und &hellip; <\/p>\n<p class=\"link-more\"><a href=\"https:\/\/www.arcus.com.gr\/de\/suites\/\" class=\"more-link\"><span class=\"screen-reader-text\">\u201eSuiten\u201c <\/span>weiterlesen<\/a><\/p>\n","protected":false},"author":1,"featured_media":2243,"parent":0,"menu_order":0,"comment_status":"closed","ping_status":"closed","template":"","meta":{"jetpack_post_was_ever_published":false,"footnotes":""},"class_list":["post-218","page","type-page","status-publish","has-post-thumbnail","hentry"],"jetpack_sharing_enabled":true,"_links":{"self":[{"href":"https:\/\/www.arcus.com.gr\/de\/wp-json\/wp\/v2\/pages\/218","targetHints":{"allow":["GET"]}}],"collection":[{"href":"https:\/\/www.arcus.com.gr\/de\/wp-json\/wp\/v2\/pages"}],"about":[{"href":"https:\/\/www.arcus.com.gr\/de\/wp-json\/wp\/v2\/types\/page"}],"author":[{"embeddable":true,"href":"https:\/\/www.arcus.com.gr\/de\/wp-json\/wp\/v2\/users\/1"}],"replies":[{"embeddable":true,"href":"https:\/\/www.arcus.com.gr\/de\/wp-json\/wp\/v2\/comments?post=218"}],"version-history":[{"count":110,"href":"https:\/\/www.arcus.com.gr\/de\/wp-json\/wp\/v2\/pages\/218\/revisions"}],"predecessor-version":[{"id":2334,"href":"https:\/\/www.arcus.com.gr\/de\/wp-json\/wp\/v2\/pages\/218\/revisions\/2334"}],"wp:featuredmedia":[{"embeddable":true,"href":"https:\/\/www.arcus.com.gr\/de\/wp-json\/wp\/v2\/media\/2243"}],"wp:attachment":[{"href":"https:\/\/www.arcus.com.gr\/de\/wp-json\/wp\/v2\/media?parent=218"}],"curies":[{"name":"wp","href":"https:\/\/api.w.org\/{rel}","templated":true}]}}