{"id":332,"date":"2017-03-24T17:34:24","date_gmt":"2017-03-24T15:34:24","guid":{"rendered":"http:\/\/www.arcus.com.gr\/?page_id=332"},"modified":"2026-01-17T23:13:12","modified_gmt":"2026-01-17T21:13:12","slug":"facilities","status":"publish","type":"page","link":"https:\/\/www.arcus.com.gr\/de\/facilities\/","title":{"rendered":"Einrichtungen"},"content":{"rendered":"\t\t<div data-elementor-type=\"wp-page\" data-elementor-id=\"332\" class=\"elementor elementor-332\">\n\t\t\t\t\t\t<section class=\"elementor-section elementor-top-section elementor-element elementor-element-56a0ce elementor-section-boxed elementor-section-height-default elementor-section-height-default\" data-id=\"56a0ce\" data-element_type=\"section\" data-e-type=\"section\">\n\t\t\t\t\t\t<div class=\"elementor-container elementor-column-gap-default\">\n\t\t\t\t\t<div class=\"elementor-column elementor-col-100 elementor-top-column elementor-element elementor-element-4ace7320\" data-id=\"4ace7320\" data-element_type=\"column\" data-e-type=\"column\">\n\t\t\t<div class=\"elementor-widget-wrap elementor-element-populated\">\n\t\t\t\t\t\t<div class=\"elementor-element elementor-element-14237e32 elementor-widget elementor-widget-text-editor\" data-id=\"14237e32\" data-element_type=\"widget\" data-e-type=\"widget\" data-widget_type=\"text-editor.default\">\n\t\t\t\t<div class=\"elementor-widget-container\">\n\t\t\t\t\t\t\t\t\t<p>Die Einrichtungen von Arcus wurden unter Ber\u00fccksichtigung der authentischen Architektur und der Tradition der Region geschaffen. F\u00fcnf Suiten und \u00f6ffentliche R\u00e4ume wurden mit Liebe und Leidenschaft geschaffen, um den urspr\u00fcnglichen Charakter eines traditionellen kretischen Dorfes zu erhalten. Das Arcus befindet sich im Zentrum der Altstadt von Lappa und ist ein integraler Bestandteil dieser erhaltenen Gegend.<\/p>\n<p>Machen Sie einen Ausflug zur byzantinischen Kirche der \u201eHeiligen Jungfrau\u201c in Baroziana und zum r\u00f6mischen Mosaik, einem historischen Nachbarn des antiken Lappa. Entspannen Sie sich im Garten und genie\u00dfen Sie die Sonne im Poolbereich, oder machen Sie einen Spaziergang zu den nahe gelegenen Quellen von Argyroupoli oder der Nekropole von Lappa und der Kirche der \u201eF\u00fcnf Jungfrauen\u201c.<\/p>\n<ul>\n<li>Suiten: 5<\/li>\n<li>Betten: 22<\/li>\n<li>Au\u00dfenpool (8m x 4,5m &#8211; 1.62m Tiefe) mit gro\u00dfz\u00fcgigen gepflasterten Fl\u00e4chen, ausgestattet mit Sonnenliegen im Schatten der B\u00e4ume (in Betrieb von April bis Oktober)<\/li>\n<li>550 qm Garten- und Poolbereich<\/li>\n<li>Au\u00dfenbereich gesch\u00fctzt durch eine Laube<\/li>\n<li>Au\u00dfenofen und Grillplatz<\/li>\n<li>Empfangsbereich mit kleiner Sitzecke und kleiner Bibliothek, Musik, DVD und TV<\/li>\n<li>Kleiner Parkplatz vor dem Arcus f\u00fcr Kurzzeitparker (Be- und Entladen des Gep\u00e4cks)<\/li>\n<li>KOSTENLOSER Parkplatz 200 Meter entfernt, auf dem Platz des Dorfes<\/li>\n<li>Hausgemachtes Fr\u00fchst\u00fcck mit traditionellen kretischen Produkten auf Ihrer Suite serviert<\/li>\n<\/ul>\n<p><b>Personalisierte Dienstleistungen: Ein ma\u00dfgeschneidertes Erlebnis<\/b><\/p>\n<p>Bei Arcus sind unsere Dienstleistungen auf das Wohlbefinden unserer G\u00e4ste ausgerichtet. Unsere oberste Priorit\u00e4t ist es, Ihre pers\u00f6nlichen Bed\u00fcrfnisse zu erf\u00fcllen. Z\u00f6gern Sie nicht, uns zu kontaktieren und alles zu fragen, was Ihren Urlaub wirklich unbeschwert und unvergesslich macht.<\/p>\n<ul>\n<li>T\u00e4gliche Fr\u00fchst\u00fccksprodukte (Bio-Obst und lokale Produkte gegen Aufpreis erh\u00e4ltlich)<\/li>\n<li>Wi-Fi ist in allen Suiten und im Garten\/Poolbereich verf\u00fcgbar<\/li>\n<li>LAN-Internetzugang \u00fcber Kabel ist in allen Suiten verf\u00fcgbar<\/li>\n<li>T\u00e4gliches Housekeeping (au\u00dfer sonntags bei Aufenthalten von zwei oder mehr N\u00e4chten)<\/li>\n<li>Handt\u00fccher f\u00fcr den Pool<\/li>\n<li>Yoga-Sitzungen auf Anfrage (nur im Sommer)<\/li>\n<li>Autovermietung m\u00f6glich (gegen Aufpreis)<\/li>\n<li>Gef\u00fchrte Touren und Wanderungen (gegen Aufpreis)<\/li>\n<li>Verkostung von kretischem Oliven\u00f6l (gegen Aufpreis)<\/li>\n<li>Verkostung von kretischem Wein (gegen Aufpreis)<\/li>\n<li>Verkostung von Tsikoudia (Raki) kretischer Handwerkskunst (gegen Aufpreis)<\/li>\n<li>Kretische Kochkurse (gegen Aufpreis)<\/li>\n<li>Privater Chefkoch (gegen Aufpreis)<\/li>\n<li>Transferservice mit Abholung und Begr\u00fc\u00dfung (gegen Aufpreis)<\/li>\n<li>Sp\u00e4tes Auschecken bis 13:00 Uhr (je nach Verf\u00fcgbarkeit, 30% des \u00dcbernachtungspreises)<\/li>\n<li>Sp\u00e4tes Auschecken bis 18:00 Uhr (nach Verf\u00fcgbarkeit, 50% des \u00dcbernachtungspreises)<\/li>\n<li>Sp\u00e4tes Auschecken nach 18:00 Uhr (je nach Verf\u00fcgbarkeit, 100% des \u00dcbernachtungspreises)<\/li>\n<\/ul>\t\t\t\t\t\t\t\t<\/div>\n\t\t\t\t<\/div>\n\t\t\t\t\t<\/div>\n\t\t<\/div>\n\t\t\t\t\t<\/div>\n\t\t<\/section>\n\t\t\t\t<\/div>\n\t\t","protected":false},"excerpt":{"rendered":"<p>Die Einrichtungen von Arcus wurden unter Ber\u00fccksichtigung der authentischen Architektur und der Tradition der Region geschaffen. F\u00fcnf Suiten und \u00f6ffentliche R\u00e4ume wurden mit Liebe und Leidenschaft geschaffen, um den urspr\u00fcnglichen Charakter eines traditionellen kretischen Dorfes zu erhalten. Das Arcus befindet sich im Zentrum der Altstadt von Lappa und ist ein integraler Bestandteil dieser erhaltenen Gegend. &hellip; <\/p>\n<p class=\"link-more\"><a href=\"https:\/\/www.arcus.com.gr\/de\/facilities\/\" class=\"more-link\"><span class=\"screen-reader-text\">\u201eEinrichtungen\u201c <\/span>weiterlesen<\/a><\/p>\n","protected":false},"author":1,"featured_media":0,"parent":0,"menu_order":0,"comment_status":"closed","ping_status":"closed","template":"","meta":{"jetpack_post_was_ever_published":false,"footnotes":""},"class_list":["post-332","page","type-page","status-publish","hentry"],"jetpack_sharing_enabled":true,"_links":{"self":[{"href":"https:\/\/www.arcus.com.gr\/de\/wp-json\/wp\/v2\/pages\/332","targetHints":{"allow":["GET"]}}],"collection":[{"href":"https:\/\/www.arcus.com.gr\/de\/wp-json\/wp\/v2\/pages"}],"about":[{"href":"https:\/\/www.arcus.com.gr\/de\/wp-json\/wp\/v2\/types\/page"}],"author":[{"embeddable":true,"href":"https:\/\/www.arcus.com.gr\/de\/wp-json\/wp\/v2\/users\/1"}],"replies":[{"embeddable":true,"href":"https:\/\/www.arcus.com.gr\/de\/wp-json\/wp\/v2\/comments?post=332"}],"version-history":[{"count":53,"href":"https:\/\/www.arcus.com.gr\/de\/wp-json\/wp\/v2\/pages\/332\/revisions"}],"predecessor-version":[{"id":2331,"href":"https:\/\/www.arcus.com.gr\/de\/wp-json\/wp\/v2\/pages\/332\/revisions\/2331"}],"wp:attachment":[{"href":"https:\/\/www.arcus.com.gr\/de\/wp-json\/wp\/v2\/media?parent=332"}],"curies":[{"name":"wp","href":"https:\/\/api.w.org\/{rel}","templated":true}]}}