{"id":341,"date":"2017-03-28T11:59:54","date_gmt":"2017-03-28T09:59:54","guid":{"rendered":"http:\/\/www.arcus.com.gr\/?page_id=341"},"modified":"2025-05-07T14:15:43","modified_gmt":"2025-05-07T12:15:43","slug":"location","status":"publish","type":"page","link":"https:\/\/www.arcus.com.gr\/de\/location\/","title":{"rendered":"Standort"},"content":{"rendered":"\t\t<div data-elementor-type=\"wp-page\" data-elementor-id=\"341\" class=\"elementor elementor-341\">\n\t\t\t\t\t\t<section class=\"elementor-section elementor-top-section elementor-element elementor-element-15896977 elementor-section-boxed elementor-section-height-default elementor-section-height-default\" data-id=\"15896977\" data-element_type=\"section\" data-e-type=\"section\">\n\t\t\t\t\t\t<div class=\"elementor-container elementor-column-gap-default\">\n\t\t\t\t\t<div class=\"elementor-column elementor-col-100 elementor-top-column elementor-element elementor-element-7cd70080\" data-id=\"7cd70080\" data-element_type=\"column\" data-e-type=\"column\">\n\t\t\t<div class=\"elementor-widget-wrap elementor-element-populated\">\n\t\t\t\t\t\t<div class=\"elementor-element elementor-element-2a2811c2 elementor-widget elementor-widget-text-editor\" data-id=\"2a2811c2\" data-element_type=\"widget\" data-e-type=\"widget\" data-widget_type=\"text-editor.default\">\n\t\t\t\t<div class=\"elementor-widget-container\">\n\t\t\t\t\t\t\t\t\t<p><iframe style=\"border: 0;\" src=\"https:\/\/www.google.com\/maps\/embed?pb=!1m18!1m12!1m3!1d3256.75281627267!2d24.333533614788497!3d35.28727148028804!2m3!1f0!2f0!3f0!3m2!1i1024!2i768!4f13.1!3m3!1m2!1s0x149b707638084b35%3A0x3a9f7e87c3347530!2sArcus+Suites!5e0!3m2!1sel!2sgr!4v1565512067058!5m2!1sel!2sgr\" width=\"600\" height=\"450\" frameborder=\"0\" allowfullscreen=\"allowfullscreen\"><\/iframe><\/p><p><\/p>\t\t\t\t\t\t\t\t<\/div>\n\t\t\t\t<\/div>\n\t\t\t\t\t<\/div>\n\t\t<\/div>\n\t\t\t\t\t<\/div>\n\t\t<\/section>\n\t\t\t\t<section class=\"elementor-section elementor-top-section elementor-element elementor-element-f02c9c1 elementor-section-boxed elementor-section-height-default elementor-section-height-default\" data-id=\"f02c9c1\" data-element_type=\"section\" data-e-type=\"section\">\n\t\t\t\t\t\t<div class=\"elementor-container elementor-column-gap-default\">\n\t\t\t\t\t<div class=\"elementor-column elementor-col-100 elementor-top-column elementor-element elementor-element-4bc3890\" data-id=\"4bc3890\" data-element_type=\"column\" data-e-type=\"column\">\n\t\t\t<div class=\"elementor-widget-wrap elementor-element-populated\">\n\t\t\t\t\t\t<div class=\"elementor-element elementor-element-62f1af6 elementor-widget elementor-widget-text-editor\" data-id=\"62f1af6\" data-element_type=\"widget\" data-e-type=\"widget\" data-widget_type=\"text-editor.default\">\n\t\t\t\t<div class=\"elementor-widget-container\">\n\t\t\t\t\t\t\t\t\t<p>\u00a0<\/p><p>Arcus Suites liegt in der Pr\u00e4fektur Rethymno, im Dorf Argyroupoli, 21 km vom Hauptort Rethymno, 59 km vom internationalen Flughafen Chania (CHQ) und 101 km vom internationalen Flughafen Heraklion (HER) entfernt. Die Anreise ist einfach und schnell, egal woher Sie kommen.<\/p><p>Arcus Suites liegt 300 Meter \u00fcber dem Meeresspiegel inmitten eines der gr\u00fcnsten Gebiete der Insel. Hier scheint die Zeit stillzustehen, denn die Pracht der kretischen Natur wird erg\u00e4nzt durch ein authentisches Lebensgef\u00fchl in einem malerischen, sorgf\u00e4ltig restaurierten traditionellen Dorf in einem der sch\u00f6nsten und unber\u00fchrtesten Orte des kretischen Festlandes &#8211; ein Ort, an dem Sie die authentische kretische Lebensweise sp\u00fcren und erleben k\u00f6nnen.<\/p><p>Arcus Suites liegt fast im Zentrum Kretas und ist nur 7 km von \u201eEpiskopi\u201c, einem der l\u00e4ngsten Sandstr\u00e4nde an der Nordk\u00fcste, und 27 km von dem beeindruckenden Frangokastello (venezianisches Schloss) an der S\u00fcdk\u00fcste entfernt.<\/p><p><strong>Argyroupoli (Antike Lappa)<\/strong><\/p><figure id=\"attachment_350\" aria-describedby=\"caption-attachment-350\" style=\"width: 300px\" class=\"wp-caption alignright\"><img fetchpriority=\"high\" decoding=\"async\" src=\"http:\/\/www.arcus.com.gr\/wp-content\/uploads\/2017\/03\/11016119_10153121552119813_4201576198707230396_o-300x200.jpg\" alt=\"Argyroupoli village\" width=\"300\" height=\"200\" \/><figcaption id=\"caption-attachment-350\" class=\"wp-caption-text\">Argyroupoli dorf<\/figcaption><\/figure><p>Das ruhige Dorf Argyroupolis ist ein bemerkenswertes Gebiet von besonderem historischen Interesse und die gesamte Umgebung ist au\u00dfergew\u00f6hnlich. Es ist ein Bergdorf, das an der einst bedeutenden antiken griechisch-r\u00f6mischen Stadt Lappa liegt, in der N\u00e4he des Strandes von Georgioupolis und des Kournas-Sees. Die Fl\u00fcsse Petre und Mousella flie\u00dfen auf beiden Seiten des Dorfes. Die Tatsache, dass die meisten der wertvollen Funde heute in den arch\u00e4ologischen Museen von Rethymnon und Heraklion zu sehen sind, sollte Sie jedoch nicht davon abhalten, dieses sch\u00f6ne Dorf zu erkunden. Es ist eines der attraktivsten D\u00f6rfer der ganzen Region, und der erste Halt muss am Platz und der venezianischen Kirche Ayios loannis (Heiliger Johannes) aus dem 17.<\/p><figure id=\"attachment_344\" aria-describedby=\"caption-attachment-344\" style=\"width: 300px\" class=\"wp-caption alignleft\"><img decoding=\"async\" src=\"http:\/\/www.arcus.com.gr\/wp-content\/uploads\/2017\/03\/panorama01-BIG-300x200.jpg\" alt=\"\" width=\"300\" height=\"200\" \/><figcaption id=\"caption-attachment-344\" class=\"wp-caption-text\">Argiroupoli View<\/figcaption><\/figure><p>Der Name Lappa war seit dem 4. Jahrhundert v. Chr. bekannt. Um 220 n. Chr. bl\u00fchte das Dorf auf und entwickelte sich zu einer der wichtigsten St\u00e4dte Westkretas und bl\u00fchte w\u00e4hrend der r\u00f6mischen \u00c4ra. Sie kontrollierte das Gebiet um sie herum von der Nord- bis zur S\u00fcdk\u00fcste. Der Grund f\u00fcr die Zerst\u00f6rung ist nicht bekannt, ob durch Feinde, m\u00f6glicherweise ein Erdbeben oder eine Epidemie. Lappa hatte mit Sicherheit zwei gro\u00dfe H\u00e4fen: \u201eYdramia\u201c am Kretischen Meer, wo sich heute die D\u00f6rfer Dramia und Kavros an der Nordk\u00fcste befinden, und den anderen Hafen \u201ePheonix\u201c am Libyschen Meer, m\u00f6glicherweise dort, wo sich heute Loutro befindet.<\/p><figure id=\"attachment_351\" aria-describedby=\"caption-attachment-351\" style=\"width: 300px\" class=\"wp-caption alignright\"><img decoding=\"async\" src=\"http:\/\/www.arcus.com.gr\/wp-content\/uploads\/2017\/03\/10974537_10153121521054813_7609331257107697330_o-300x200.jpg\" alt=\"Argiroupoli village\" width=\"300\" height=\"200\" \/><figcaption id=\"caption-attachment-351\" class=\"wp-caption-text\">Argyroupoli village<\/figcaption><\/figure><p>In der zweiten byzantinischen Epoche wurde die Stadt 828 n. Chr. von den Arabern zerst\u00f6rt. An der alten Stelle wurde eine neue Stadt errichtet, und Lappa ging verloren, wobei die neue Stadt im Mittelalter als \u201eStimpolis\u201c (in der Stadt) bekannt wurde. Im Jahr 67 v. Chr. wurde sie von den R\u00f6mern im Sturm erobert und fast vollst\u00e4ndig zerst\u00f6rt. Kaiser Octavian Augustus stellte sie wieder her und schenkte den B\u00fcrgern als Dank f\u00fcr ihre Hilfe im Kampf gegen Antonius die Freiheit, das M\u00fcnzrecht und 27 v. Chr. ein Wasserreservoir, das das Dorf noch heute versorgt. In der Folgezeit erhielt die Stadt viele weitere Namen. Die T\u00fcrken nannten sie \u201eGaidoropoli\u201c (Eselsstadt) oder \u201eSamaropoli\u201c (Sattelstadt). Der neue Name Argyroupolis wurde 1822 angenommen, m\u00f6glicherweise nach \u201eArgyro\u201c (Silber), das in dieser Gegend abgebaut wurde. Es wurden Silber- und Kupferm\u00fcnzen gepr\u00e4gt, auf denen Poseidon abgebildet war.<\/p><figure id=\"attachment_347\" aria-describedby=\"caption-attachment-347\" style=\"width: 200px\" class=\"wp-caption alignleft\"><img loading=\"lazy\" decoding=\"async\" src=\"http:\/\/www.arcus.com.gr\/wp-content\/uploads\/2017\/03\/ClockTower-200x300.jpg\" alt=\"ClockTower\" width=\"200\" height=\"300\" \/><figcaption id=\"caption-attachment-347\" class=\"wp-caption-text\">Clock Tower<\/figcaption><\/figure><p>Den Mythen zufolge wurde Lappa von Agamemnon, dem Helden des Trojanischen Krieges, gegr\u00fcndet. Die \u00e4lteren M\u00fcnzen der Stadt zeigen die G\u00f6ttin \u201eBritomartis Artemis\u201c, eine kretische G\u00f6ttin, die von der minoischen Religion beeinflusst wurde. In den griechischen Kriegen waren sie Verb\u00fcndete von \u201eKnossos\u201c, aber als die Armeen von Knossos \u201eLyttos\u201c zerst\u00f6rten, nahmen die Einwohner von Lappa die Lyttoer in ihrer Stadt auf und hie\u00dfen sie in ihren H\u00e4usern willkommen.<\/p><p>Viele der heutigen Geb\u00e4ude und Kirchen wurden unter Verwendung von Steinen und anderen Baumaterialien aus der alten Stadt und den neueren venezianischen Geb\u00e4uden errichtet. All das kann man in den engen Gassen dieses h\u00fcbschen Dorfes sehen. Dazu geh\u00f6ren r\u00f6mische B\u00e4der, Teile einer venezianischen Villa, ein r\u00f6misches Tor und ionische S\u00e4ulen. Ein Dorfmuseum, das von der Familie Zografakis, die in Argiroupolis lebte, eingerichtet wurde. Die Sammlung umfasst Wandteppiche, landwirtschaftliche Ger\u00e4te, Fotografien und vieles mehr.<\/p><p><img loading=\"lazy\" decoding=\"async\" title=\"Omnia Mundi Fumus et Umbra\" src=\"http:\/\/www.arcus.com.gr\/wp-content\/uploads\/2017\/03\/Outdoor03-215x300.jpg\" alt=\"\" width=\"215\" height=\"300\" \/>Ein elegantes venezianisches Haus mit einem Portal, das die Legende \u201eOmnia Mundi Fumus et Umbra\u201c (alles in der Welt ist Rauch und Schatten) tr\u00e4gt, ist erhalten geblieben. Die Geschichte handelt von einer sch\u00f6nen venezianischen Prinzessin namens Sofia, der Tochter des \u00f6rtlichen Feudalherrn Francesco da Molin. Sie war verlobt mit Petros, dem Sohn eines kretischen Rebellen namens Yeorgios (George) Kantanoleon. Die Hochzeit fand auf Initiative der Familie Kantanoleon statt und sollte die beiden verfeindeten Seiten vers\u00f6hnen. Francesco da Molin sah darin jedoch eine ideale Gelegenheit, sich seiner Gegner endg\u00fcltig zu entledigen. W\u00e4hrend des gro\u00dfen Festes, das auf die Hochzeit folgte, sorgte er daf\u00fcr, dass Kantonoleaon und seine dreihundert Mann so betrunken waren, dass sie einschliefen. Dann gab er das Zeichen, dass zweitausend Mann seiner Streitkr\u00e4fte die Rebellen unerwartet gefangen nehmen sollten, und in den n\u00e4chsten Tagen h\u00e4ngten sie sie alle in den Stra\u00dfen auf, als Warnung und Drohung an die Einheimischen, keine Vergeltung zu \u00fcben. Nach diesem Vorfall hatten die Kreter ihre Lektion gelernt. \u201eWenn du ein Rebell sein willst, vergiss besser die Heirat und verstecke dich in den W\u00e4ldern\u201c. Auf einem der Steine am Haupteingangssturz der Festung da Molin war die Moral der Geschichte eingraviert.<\/p><figure id=\"attachment_359\" aria-describedby=\"caption-attachment-359\" style=\"width: 324px\" class=\"wp-caption alignleft\"><img loading=\"lazy\" decoding=\"async\" src=\"http:\/\/www.arcus.com.gr\/wp-content\/uploads\/2017\/03\/RomanianMosaic02-300x201.jpg\" alt=\"Romanian Mosaic\" width=\"324\" height=\"217\" \/><figcaption id=\"caption-attachment-359\" class=\"wp-caption-text\">Roman Mosaic<\/figcaption><\/figure><p>500 Meter hinter der Kirche auf dem Dorfplatz befindet sich eine alte, funktionierende, geschlossene Zisterne aus dem Jahr 27 v. Chr. Ihr Fassungsverm\u00f6gen betr\u00e4gt mehr als 1000 Kubikmeter Wasser. Vor 20 Jahren wurde ein gro\u00dfer Mosaikboden aus der R\u00f6merzeit ausgegraben.\u00a0 Einige der Herrenh\u00e4user sind noch in gutem Zustand. Steinportale und historische Ruinen verleihen diesem einzigartigen Dorf mit seinen 32 Kirchen und Kapellen einen besonderen Charakter..<\/p><figure id=\"attachment_352\" aria-describedby=\"caption-attachment-352\" style=\"width: 300px\" class=\"wp-caption alignright\"><img loading=\"lazy\" decoding=\"async\" src=\"http:\/\/www.arcus.com.gr\/wp-content\/uploads\/2017\/03\/DSC_0081n-300x199.jpg\" alt=\"Five Virgins Necropolis\" width=\"300\" height=\"199\" \/><figcaption id=\"caption-attachment-352\" class=\"wp-caption-text\">Five Virgins Necropolis<\/figcaption><\/figure><p>Etwas au\u00dferhalb des Dorfes, abseits der Hauptstra\u00dfe, befindet sich eine St\u00e4tte, die als \u201eF\u00fcnf heilige Jungfrauen\u201c oder \u201eLappa-Friedhof\u201c bekannt ist, mit einer kleinen H\u00f6hlenkirche. Dies ist die antike Nekropole mit vielen Gr\u00e4bern, die Sie als offenes Museum besuchen k\u00f6nnen. Die Kapelle hat ihren Namen von f\u00fcnf jungen Frauen, die im 3. Jahrhundert von den R\u00f6mern hingerichtet wurden, weil sie heimlich das Christentum praktizierten. Am ersten Samstag nach dem orthodoxen Osterfest bringen die Bauern der Gegend ihre L\u00e4mmer zur Segnung, die Schafe werden dann gemolken und die Milch wird abgekocht und von der Gemeinde getrunken. Man muss hinter der Kapelle entlanggehen, um den besten Blick auf weitere H\u00f6hlengr\u00e4ber zu haben.<\/p><figure id=\"attachment_353\" aria-describedby=\"caption-attachment-353\" style=\"width: 200px\" class=\"wp-caption alignleft\"><img loading=\"lazy\" decoding=\"async\" src=\"http:\/\/www.arcus.com.gr\/wp-content\/uploads\/2017\/03\/Platanos-200x300.jpg\" alt=\"2000 year old Platanos (plane tree)\" width=\"200\" height=\"300\" \/><figcaption id=\"caption-attachment-353\" class=\"wp-caption-text\">2000 year old Platanos (plane tree)<\/figcaption><\/figure><p>Unterhalb der Gr\u00e4ber, weiter entlang des alten Weges, befindet sich eine riesige Platane, die \u00fcber 2000 Jahre alt sein soll. Dieser pr\u00e4chtige Baum wurde durch einen Donnerschlag in zwei Teile gespalten, so dass man direkt durch ihn hindurchgehen kann. Sie erreichen sie, indem Sie dem Wegweiser zu einer schmalen Stra\u00dfe folgen, die vom Dorf Episkopi kommend zum Dorf \u201eKato Poros\u201c kurz vor Argyroupolis f\u00fchrt..<\/p><p>Unterhalb des Dorfes befindet sich eine idyllische Gegend, die selbst an hei\u00dfen Sommertagen im Schatten der immergr\u00fcnen B\u00e4ume liegt und immer erfrischend ist &#8211; ausgeschildert als die Wasserquellen von Argyroupolis oder Argyroupolis Wasserf\u00e4lle oder Argyroupoli Gr\u00fcne Oase. Wie der Name schon sagt, ist das ganze Gebiet reich an Wasser, das \u00fcberall in dieser fruchtbaren Gegend mit vielen Platanen und Walnussb\u00e4umen \u00fcber Felsen und Stein st\u00fcrzt. Die traditionellen Tavernen laden zu einer Mahlzeit im Schatten der B\u00e4ume und Wasserf\u00e4lle ein. An Sonntagen und lokalen Feiertagen ist jedoch besonders viel los. Ein Besuch unter der Woche ist daher ratsam, um nichts zu verpassen..<\/p><figure id=\"attachment_357\" aria-describedby=\"caption-attachment-357\" style=\"width: 300px\" class=\"wp-caption alignright\"><img loading=\"lazy\" decoding=\"async\" src=\"http:\/\/www.arcus.com.gr\/wp-content\/uploads\/2017\/03\/AgiaDinami01-300x199.jpg\" alt=\"Agia Dinami Springs\" width=\"300\" height=\"199\" \/><figcaption id=\"caption-attachment-357\" class=\"wp-caption-text\">Agia Dinami Federn<\/figcaption><\/figure><p>Die H\u00f6hlenkirche \u201eAyia Dynami\u201c (Heilige Kraft) ist die Quelle dieser enormen Wassermenge, die \u00fcberall frei flie\u00dft. Diese Quellen liefern das Trinkwasser der Stadt Rethymnon. Viele Jahre lang befand sich an dieser Stelle eine Teppichw\u00e4scherei mit M\u00fchlen, in denen die ber\u00fchmten griechischen Teppiche \u201eFlokati\u201c hergestellt wurden, deren Ruinen noch erhalten sind. Die Vegetation ist in dieser fruchtbaren Umgebung \u00fcppig. In der N\u00e4he der Tavernen bietet sich nachts ein zauberhaftes Bild, wenn die Lichter das Geb\u00fcsch erhellen.<\/p><p>Wenn Sie m\u00f6chten, k\u00f6nnen Sie weiter nach Asi Gonia fahren, weiter oben in der Gipari-Schlucht, und dann \u00fcber die alte Stra\u00dfe zum Kournas-See und nach Georgioupolis zur\u00fcckkehren oder eine alternative Route \u00fcber Episkopi nehmen..<\/p>\t\t\t\t\t\t\t\t<\/div>\n\t\t\t\t<\/div>\n\t\t\t\t\t<\/div>\n\t\t<\/div>\n\t\t\t\t\t<\/div>\n\t\t<\/section>\n\t\t\t\t<\/div>\n\t\t","protected":false},"excerpt":{"rendered":"<p>\u00a0 Arcus Suites liegt in der Pr\u00e4fektur Rethymno, im Dorf Argyroupoli, 21 km vom Hauptort Rethymno, 59 km vom internationalen Flughafen Chania (CHQ) und 101 km vom internationalen Flughafen Heraklion (HER) entfernt. Die Anreise ist einfach und schnell, egal woher Sie kommen. Arcus Suites liegt 300 Meter \u00fcber dem Meeresspiegel inmitten eines der gr\u00fcnsten Gebiete &hellip; <\/p>\n<p class=\"link-more\"><a href=\"https:\/\/www.arcus.com.gr\/de\/location\/\" class=\"more-link\"><span class=\"screen-reader-text\">\u201eStandort\u201c <\/span>weiterlesen<\/a><\/p>\n","protected":false},"author":1,"featured_media":0,"parent":0,"menu_order":0,"comment_status":"closed","ping_status":"closed","template":"","meta":{"jetpack_post_was_ever_published":false,"footnotes":""},"class_list":["post-341","page","type-page","status-publish","hentry"],"jetpack_sharing_enabled":true,"_links":{"self":[{"href":"https:\/\/www.arcus.com.gr\/de\/wp-json\/wp\/v2\/pages\/341","targetHints":{"allow":["GET"]}}],"collection":[{"href":"https:\/\/www.arcus.com.gr\/de\/wp-json\/wp\/v2\/pages"}],"about":[{"href":"https:\/\/www.arcus.com.gr\/de\/wp-json\/wp\/v2\/types\/page"}],"author":[{"embeddable":true,"href":"https:\/\/www.arcus.com.gr\/de\/wp-json\/wp\/v2\/users\/1"}],"replies":[{"embeddable":true,"href":"https:\/\/www.arcus.com.gr\/de\/wp-json\/wp\/v2\/comments?post=341"}],"version-history":[{"count":67,"href":"https:\/\/www.arcus.com.gr\/de\/wp-json\/wp\/v2\/pages\/341\/revisions"}],"predecessor-version":[{"id":2044,"href":"https:\/\/www.arcus.com.gr\/de\/wp-json\/wp\/v2\/pages\/341\/revisions\/2044"}],"wp:attachment":[{"href":"https:\/\/www.arcus.com.gr\/de\/wp-json\/wp\/v2\/media?parent=341"}],"curies":[{"name":"wp","href":"https:\/\/api.w.org\/{rel}","templated":true}]}}