{"id":7,"date":"2017-03-03T13:19:24","date_gmt":"2017-03-03T13:19:24","guid":{"rendered":"http:\/\/www.arcusvillas.gr\/?page_id=7"},"modified":"2026-01-17T23:35:13","modified_gmt":"2026-01-17T21:35:13","slug":"arcus-suites-5-century-lodge-historic-location-lappa-rethymno-crete","status":"publish","type":"page","link":"https:\/\/www.arcus.com.gr\/de\/","title":{"rendered":"Ein historischer R\u00fcckzugsort in Rethymno, neu belebt mit neuer Bestimmung"},"content":{"rendered":"\t\t<div data-elementor-type=\"wp-page\" data-elementor-id=\"7\" class=\"elementor elementor-7\">\n\t\t\t\t\t\t<section class=\"elementor-section elementor-top-section elementor-element elementor-element-5afddcb9 elementor-section-boxed elementor-section-height-default elementor-section-height-default\" data-id=\"5afddcb9\" data-element_type=\"section\" data-e-type=\"section\">\n\t\t\t\t\t\t<div class=\"elementor-container elementor-column-gap-default\">\n\t\t\t\t\t<div class=\"elementor-column elementor-col-100 elementor-top-column elementor-element elementor-element-202a0da9\" data-id=\"202a0da9\" data-element_type=\"column\" data-e-type=\"column\">\n\t\t\t<div class=\"elementor-widget-wrap elementor-element-populated\">\n\t\t\t\t\t\t<div class=\"elementor-element elementor-element-28d1e9b5 elementor-widget elementor-widget-text-editor\" data-id=\"28d1e9b5\" data-element_type=\"widget\" data-e-type=\"widget\" data-widget_type=\"text-editor.default\">\n\t\t\t\t<div class=\"elementor-widget-container\">\n\t\t\t\t\t\t\t\t\t<p><\/p><p>Arcus Suites ist ein verborgenes Juwel im Herzen Kretas \u2013 ein Ort, an dem sich jahrhundertealbes Erbe, zeitloser Komfort und echte Herzlichkeit vereinen. Eingebettet in das historische Dorf \u0391rgyroupoli \/ Lappa bei Rethymno, umgeben von einer \u00fcppigen Landschaft mit uralten Oliven, Johannisbrotb\u00e4ume,\u00a0 Platanenb\u00e4umen sowie nat\u00fcrlichen Quellen, wurde diese 500 Jahre alte venezianische Herberge liebevoll restauriert \u2013 und l\u00e4sst mit jedem Bogen und jedem Stein die Geschichte der Zeit neu aufleben.<\/p><p>Ein Refugium der Authentizit\u00e4t und Ruhe, in dem historische Architektur auf moderne Eleganz trifft: ger\u00e4umige Suiten mit Natursteinw\u00e4nden und Holzdecken, private Whirlpools, Kamine, smarte Technologien sowie ein friedvoller Garten mit schattigem Poolbereich bieten h\u00f6chsten Wohnkomfort.<\/p><p>Hier atmet die Vergangenheit durch die Gegenwart \u2013 und schenkt Ihnen Momente der Geborgenheit, echte Verbundenheit und unvergessliche Erinnerungen.<\/p><p>Inmitten einer der fruchtbarsten und geschichtstr\u00e4chtigsten Regionen Kretas l\u00e4dt Arcus dazu ein, sich wieder mit der Natur zu verbinden \u2013 beim Entspannen unter jahrhundertealten Olivenb\u00e4umen, beim Spazieren durch verwinkelte Gassen oder beim Fr\u00fchst\u00fcck mit frischen, regionalen Produkten direkt aus der Umgebung.<\/p><p>Nachhaltig betrieben mit der Kraft der kretischen Sonne \u2013 durch Solarpanels, intelligente Energiesysteme und ein umweltbewusstes Design \u2013 verbindet Arcus Suites Tradition mit Zukunft.<\/p><p>Arcus Suites ist mehr als nur ein Ort zum \u00dcbernachten \u2013 es ist ein Zuhause auf Zeit, in dem Jahrhunderte Sie willkommen hei\u00dfen, die Natur Sie sanft umarmt, und Sie als Gast ankommen, aber als Teil der Familie gehen.<\/p>\t\t\t\t\t\t\t\t<\/div>\n\t\t\t\t<\/div>\n\t\t\t\t\t<\/div>\n\t\t<\/div>\n\t\t\t\t\t<\/div>\n\t\t<\/section>\n\t\t\t\t<\/div>\n\t\t","protected":false},"excerpt":{"rendered":"<p>Arcus Suites ist ein verborgenes Juwel im Herzen Kretas \u2013 ein Ort, an dem sich jahrhundertealbes Erbe, zeitloser Komfort und echte Herzlichkeit vereinen. Eingebettet in das historische Dorf \u0391rgyroupoli \/ Lappa bei Rethymno, umgeben von einer \u00fcppigen Landschaft mit uralten Oliven, Johannisbrotb\u00e4ume,\u00a0 Platanenb\u00e4umen sowie nat\u00fcrlichen Quellen, wurde diese 500 Jahre alte venezianische Herberge liebevoll restauriert &hellip; <\/p>\n<p class=\"link-more\"><a href=\"https:\/\/www.arcus.com.gr\/de\/\" class=\"more-link\"><span class=\"screen-reader-text\">\u201eEin historischer R\u00fcckzugsort in Rethymno, neu belebt mit neuer Bestimmung\u201c <\/span>weiterlesen<\/a><\/p>\n","protected":false},"author":1,"featured_media":0,"parent":0,"menu_order":0,"comment_status":"closed","ping_status":"closed","template":"","meta":{"jetpack_post_was_ever_published":false,"footnotes":""},"class_list":["post-7","page","type-page","status-publish","hentry"],"jetpack_sharing_enabled":true,"_links":{"self":[{"href":"https:\/\/www.arcus.com.gr\/de\/wp-json\/wp\/v2\/pages\/7","targetHints":{"allow":["GET"]}}],"collection":[{"href":"https:\/\/www.arcus.com.gr\/de\/wp-json\/wp\/v2\/pages"}],"about":[{"href":"https:\/\/www.arcus.com.gr\/de\/wp-json\/wp\/v2\/types\/page"}],"author":[{"embeddable":true,"href":"https:\/\/www.arcus.com.gr\/de\/wp-json\/wp\/v2\/users\/1"}],"replies":[{"embeddable":true,"href":"https:\/\/www.arcus.com.gr\/de\/wp-json\/wp\/v2\/comments?post=7"}],"version-history":[{"count":62,"href":"https:\/\/www.arcus.com.gr\/de\/wp-json\/wp\/v2\/pages\/7\/revisions"}],"predecessor-version":[{"id":2373,"href":"https:\/\/www.arcus.com.gr\/de\/wp-json\/wp\/v2\/pages\/7\/revisions\/2373"}],"wp:attachment":[{"href":"https:\/\/www.arcus.com.gr\/de\/wp-json\/wp\/v2\/media?parent=7"}],"curies":[{"name":"wp","href":"https:\/\/api.w.org\/{rel}","templated":true}]}}