{"id":8,"date":"2017-03-03T13:19:24","date_gmt":"2017-03-03T13:19:24","guid":{"rendered":"http:\/\/www.arcusvillas.gr\/?page_id=8"},"modified":"2026-01-17T23:12:22","modified_gmt":"2026-01-17T21:12:22","slug":"about","status":"publish","type":"page","link":"https:\/\/www.arcus.com.gr\/de\/about\/","title":{"rendered":"\u00dcber uns"},"content":{"rendered":"\t\t<div data-elementor-type=\"wp-page\" data-elementor-id=\"8\" class=\"elementor elementor-8\">\n\t\t\t\t\t\t<section class=\"elementor-section elementor-top-section elementor-element elementor-element-7bade1d5 elementor-section-boxed elementor-section-height-default elementor-section-height-default\" data-id=\"7bade1d5\" data-element_type=\"section\" data-e-type=\"section\">\n\t\t\t\t\t\t<div class=\"elementor-container elementor-column-gap-default\">\n\t\t\t\t\t<div class=\"elementor-column elementor-col-100 elementor-top-column elementor-element elementor-element-7d736b74\" data-id=\"7d736b74\" data-element_type=\"column\" data-e-type=\"column\">\n\t\t\t<div class=\"elementor-widget-wrap elementor-element-populated\">\n\t\t\t\t\t\t<div class=\"elementor-element elementor-element-321ad221 elementor-widget elementor-widget-text-editor\" data-id=\"321ad221\" data-element_type=\"widget\" data-e-type=\"widget\" data-widget_type=\"text-editor.default\">\n\t\t\t\t<div class=\"elementor-widget-container\">\n\t\t\t\t\t\t\t\t\t<p> Der gesamte Geb\u00e4udekomplex wurde 2005 vom Kulturministerium zum &#8222;sch\u00fctzenswerten arch\u00e4ologischen Denkmal\u201c erkl\u00e4rt und unter Ber\u00fccksichtigung des urspr\u00fcnglichen Stils und der urspr\u00fcnglichen Architektur renoviert, wobei 5 unabh\u00e4ngige Suiten geschaffen wurden.<\/p>\t\t\t\t\t\t\t\t<\/div>\n\t\t\t\t<\/div>\n\t\t\t\t\t<\/div>\n\t\t<\/div>\n\t\t\t\t\t<\/div>\n\t\t<\/section>\n\t\t\t\t<\/div>\n\t\t","protected":false},"excerpt":{"rendered":"<p>Der gesamte Geb\u00e4udekomplex wurde 2005 vom Kulturministerium zum &#8222;sch\u00fctzenswerten arch\u00e4ologischen Denkmal\u201c erkl\u00e4rt und unter Ber\u00fccksichtigung des urspr\u00fcnglichen Stils und der urspr\u00fcnglichen Architektur renoviert, wobei 5 unabh\u00e4ngige Suiten geschaffen wurden.<\/p>\n","protected":false},"author":1,"featured_media":644,"parent":0,"menu_order":0,"comment_status":"closed","ping_status":"closed","template":"","meta":{"jetpack_post_was_ever_published":false,"footnotes":""},"class_list":["post-8","page","type-page","status-publish","has-post-thumbnail","hentry"],"jetpack_sharing_enabled":true,"_links":{"self":[{"href":"https:\/\/www.arcus.com.gr\/de\/wp-json\/wp\/v2\/pages\/8","targetHints":{"allow":["GET"]}}],"collection":[{"href":"https:\/\/www.arcus.com.gr\/de\/wp-json\/wp\/v2\/pages"}],"about":[{"href":"https:\/\/www.arcus.com.gr\/de\/wp-json\/wp\/v2\/types\/page"}],"author":[{"embeddable":true,"href":"https:\/\/www.arcus.com.gr\/de\/wp-json\/wp\/v2\/users\/1"}],"replies":[{"embeddable":true,"href":"https:\/\/www.arcus.com.gr\/de\/wp-json\/wp\/v2\/comments?post=8"}],"version-history":[{"count":37,"href":"https:\/\/www.arcus.com.gr\/de\/wp-json\/wp\/v2\/pages\/8\/revisions"}],"predecessor-version":[{"id":2328,"href":"https:\/\/www.arcus.com.gr\/de\/wp-json\/wp\/v2\/pages\/8\/revisions\/2328"}],"wp:featuredmedia":[{"embeddable":true,"href":"https:\/\/www.arcus.com.gr\/de\/wp-json\/wp\/v2\/media\/644"}],"wp:attachment":[{"href":"https:\/\/www.arcus.com.gr\/de\/wp-json\/wp\/v2\/media?parent=8"}],"curies":[{"name":"wp","href":"https:\/\/api.w.org\/{rel}","templated":true}]}}